{"id":1810,"date":"2026-05-11T14:02:09","date_gmt":"2026-05-11T14:02:09","guid":{"rendered":"https:\/\/dt.travelblox.eu\/?page_id=1810"},"modified":"2026-05-12T09:38:32","modified_gmt":"2026-05-12T09:38:32","slug":"over-the-dolomiti-trail","status":"publish","type":"page","link":"https:\/\/dt.travelblox.eu\/de\/over-the-dolomiti-trail\/","title":{"rendered":"\u00dcber uns"},"content":{"rendered":"<div class=\"tb-header tb-block align-center background-dark pattern-none variant-none\" id=\"header\" data-fallback-background=\"https:\/\/dt.travelblox.eu\/wp-content\/uploads\/sites\/72\/2026\/05\/Untitled-design-11.jpg\" style=\"background-image: url('https:\/\/dt.travelblox.eu\/wp-content\/uploads\/sites\/72\/2026\/05\/Untitled-design-11.jpg'); background-position:;\">\n    <div class=\"tb-header-foreground\">\n        <div class=\"inner-block\">\n\n            <div class=\"main-part\">\n                <div class=\"text-part\">\n                                                                                            <h1>\t<span class=\"tb-logo\"  style=\"-webkit-mask-image: url(https:\/\/dt.travelblox.eu\/wp-content\/uploads\/sites\/72\/2026\/05\/roundWhite.png); mask-image: url(https:\/\/dt.travelblox.eu\/wp-content\/uploads\/sites\/72\/2026\/05\/roundWhite.png)\">\n\t\t<img src='https:\/\/dt.travelblox.eu\/wp-content\/uploads\/sites\/72\/2026\/05\/roundWhite.png' width='880' height='887' alt='Dolomiti Trail Logo' title='Dolomiti Trail' loading='lazy'>\n\t<\/span>\n<\/h1>\n                                                                                        <h2 class=\"tb-subtitle\">\t\t<div class=\"translation-block\"><p>Das Team und die Geschichte hinter dem Dolomiti Trail<\/p><\/div>\n\t<\/h2>\n                                                                                                                                            <\/div>\n            <\/div>\n            \n                    <\/div>\n    <\/div>\n\n    \n    \n<\/div>\n\n\n<div class=\"tb-textimage2 tb-block align-left background-light pattern-none variant-text_first tb-collapsible-margins\" id=\"textimage2\">\n\t<div class=\"inner-block tb-fade-in\">\n\n\t\t\n\t\t<div class=\"tb-columns\">\n\t\t\t<div class=\"tb-column\">\n\t\t\t\t<div class=\"tb-text-part\">\n\t\t\t\t\t<h2>Ein authentisches Abenteuer in den Dolomiten<\/h2>\n\t\t\t\t\t\t\t<div class=\"translation-block\"><p><strong>Der Dolomiti Trail<\/strong> dreht sich darum, die Dolomiten aktiv zu erleben. Zusammen mit <strong>lokalen Partnern<\/strong> haben wir eine Route entlang beeindruckender Berggipfel, gr\u00fcner T\u00e4ler und panoramischer Bergp\u00e4sse ausgearbeitet. W\u00e4hrend dieses Trails wanderst du nicht nur durch spektakul\u00e4re Natur, sondern entdeckst auch die einzigartige Atmosph\u00e4re der Region.<\/p><p>Das Abenteuer begann, als unser Team in die Dolomiten zog, um die sch\u00f6nsten Wanderungen und die au\u00dfergew\u00f6hnlichsten Orte zu einer <strong>einzigartigen Trail-Erfahrung<\/strong> zu verbinden. Unterwegs entdeckten wir raue Berglandschaften, idyllische Alpenwiesen und atemberaubende Ausblicke. Zusammen mit unseren lokalen Partnern sorgen wir heute daf\u00fcr, dass jeder Trail perfekt organisiert ist, damit du dein Abenteuer in den Dolomiten in vollen Z\u00fcgen <strong>genie\u00dfen<\/strong> kannst.<\/p><\/div>\n\t\t\t\t\t\t\t\t\t\t\t<div class=\"tb-buttons-part\">\n\t\t\t\t\t\t\t\t<a href=\"https:\/\/dolomititrail.com\/nl\/\"  target=\"_blank\" class=\"tb-button\">\n\t\t\tEntdecke den Trail\t\t<\/a>\n\t\t\t\t\t\t\t\t\t\t\t\t\t<\/div>\n\t\t\t\t<\/div>\n\t\t\t<\/div>\n\t\t\t<div class=\"tb-column\">\n\t\t\t\t\t\t\t\t\t\t\t\t\t\t\t<div class=\"tb-image-part\">\n\t\t\t\t\t\t\t<img src='https:\/\/dt.travelblox.eu\/wp-content\/uploads\/sites\/72\/2026\/05\/Untitled-design-31-1-768x512.jpg' width='768' height='512' loading='lazy' image_size='medium_large'>\t\t\t\t\t\t<\/div>\n\t\t\t\t\t\t\t\t\t\t\t\t<\/div>\n\t\t<\/div>\n\t<\/div>\n<\/div>\n\n\n<div class=\"tb-team tb-block align-center background-dark pattern-none variant-none tb-collapsible-margins\" id=\"team\">\n\t<div class=\"inner-block tb-fade-in tb-fade-in--subtle\">\n\t\t<div class=\"text-part\">\n\t\t\t<h2>Die Gesichter hinter dem Trail<\/h2>\n\t\t\t\t\t<div class=\"translation-block\"><p>Zusammen mit unseren lokalen Partnern in den Dolomiten arbeiten wir das ganze Jahr \u00fcber an diesem Trail, mit einem Ziel: dir eine so authentische Erfahrung wie m\u00f6glich auf der Insel zu bieten. Ein Abenteuer voller beeindruckender Natur, einzigartiger Wanderungen und unvergesslicher Momente in den Bergen.<\/p><\/div>\n\t\t\t<\/div>\n\t<\/div>\n\t\t\t\t\t<div class=\"inner-block-full-width has-tb-carousel\" >\n\t\t\t<div class=\"tb-carousel-container\">\n\t\t\t\t<div class=\"entries tb-cards\" data-slider-first=\"1\">\n\t\t\t\t\t\t\t\t\t<div class=\"tb-card entry\" style=\"background-image: url('https:\/\/dt.travelblox.eu\/wp-content\/uploads\/sites\/72\/2026\/05\/Loic-1-1024x1024.jpg')\">\n\t\t\t\t<label for=\"tb-team-read-more-block_s72__p1810__team-0\" class=\"tb-team__card-label\">\n\t\t\t\t\t<div class=\"overlay\"><\/div>\n\t\t\t\t\t<div class=\"overlay overlay--extra\"><\/div>\n\t\t\t\t\t<div class=\"content\">\n\t\t\t\t\t\t<div class=\"tb-team__card-titles\">\n\t\t\t\t\t\t\t<h3>Lo\u00efc<\/h3>\n\t\t\t\t\t\t\t\t\t\t\t\t\t\t\t<p>Koordinator<\/p>\n\t\t\t\t\t\t\t\t\t\t\t\t\t<\/div>\n\t\t\t\t\t\t\t\t\t\t\t\t\t<div class=\"extra-content\">\n\t\t\t\t\t\t\t\t<p>Lo\u00efc ist verantwortlich f\u00fcr die Entwicklung und Koordination des Dolomiti Trails. Als echter Abenteurer erkundete er die beeindruckenden Berglandschaften der Dolomiten, um diesen einzigartigen mehrt\u00e4gigen Trail zu gestalten.<\/p>\n\t\t\t\t\t\t\t<\/div>\n\t\t\t\t\t\t\t\t\t\t\t<\/div>\n\t\t\t\t\t<input type=\"checkbox\" class=\"tb-team__card-checkbox\" id=\"tb-team-read-more-block_s72__p1810__team-0\">\n\t\t\t\t<\/label>\n\t\t\t<\/div>\n\t\t\t\t\t<div class=\"tb-card entry\" style=\"background-image: url('https:\/\/dt.travelblox.eu\/wp-content\/uploads\/sites\/72\/2026\/05\/Anais-1-1024x1024.jpg')\">\n\t\t\t\t<label for=\"tb-team-read-more-block_s72__p1810__team-1\" class=\"tb-team__card-label\">\n\t\t\t\t\t<div class=\"overlay\"><\/div>\n\t\t\t\t\t<div class=\"overlay overlay--extra\"><\/div>\n\t\t\t\t\t<div class=\"content\">\n\t\t\t\t\t\t<div class=\"tb-team__card-titles\">\n\t\t\t\t\t\t\t<h3>Ana\u00efs<\/h3>\n\t\t\t\t\t\t\t\t\t\t\t\t\t\t\t<p>Reiseexperte<\/p>\n\t\t\t\t\t\t\t\t\t\t\t\t\t<\/div>\n\t\t\t\t\t\t\t\t\t\t\t\t\t<div class=\"extra-content\">\n\t\t\t\t\t\t\t\t<p>Dank ihrer jahrelangen Erfahrung mit dem Dolomiti Trail kennt Ana\u00efs die Strecke wie kein anderer. Sie beantwortet eure Fragen und teilt gerne ihr Fachwissen \u00fcber dieses einzigartige Ziel.<\/p>\n\t\t\t\t\t\t\t<\/div>\n\t\t\t\t\t\t\t\t\t\t\t<\/div>\n\t\t\t\t\t<input type=\"checkbox\" class=\"tb-team__card-checkbox\" id=\"tb-team-read-more-block_s72__p1810__team-1\">\n\t\t\t\t<\/label>\n\t\t\t<\/div>\n\t\t\t\t\t<div class=\"tb-card entry\" style=\"background-image: url('https:\/\/dt.travelblox.eu\/wp-content\/uploads\/sites\/72\/2026\/05\/TT_Team_Square-1024x1024.jpg')\">\n\t\t\t\t<label for=\"tb-team-read-more-block_s72__p1810__team-2\" class=\"tb-team__card-label\">\n\t\t\t\t\t<div class=\"overlay\"><\/div>\n\t\t\t\t\t<div class=\"overlay overlay--extra\"><\/div>\n\t\t\t\t\t<div class=\"content\">\n\t\t\t\t\t\t<div class=\"tb-team__card-titles\">\n\t\t\t\t\t\t\t<h3>Rangers<\/h3>\n\t\t\t\t\t\t\t\t\t\t\t\t\t<\/div>\n\t\t\t\t\t\t\t\t\t\t\t\t\t<div class=\"extra-content\">\n\t\t\t\t\t\t\t\t<p>Die Rangers des Dolomiti Trail sind eure lokalen Ansprechpartner w\u00e4hrend des Abenteuers. Gemeinsam begleiten sie die Strecke vor Ort und stehen jederzeit bereit, um euch zu helfen. Unterwegs teilen sie gerne ihr Wissen \u00fcber die Natur, Kultur und Geschichte der Dolomiten.<\/p>\n\t\t\t\t\t\t\t<\/div>\n\t\t\t\t\t\t\t\t\t\t\t<\/div>\n\t\t\t\t\t<input type=\"checkbox\" class=\"tb-team__card-checkbox\" id=\"tb-team-read-more-block_s72__p1810__team-2\">\n\t\t\t\t<\/label>\n\t\t\t<\/div>\n\t\t\t\t\t\t\t\t<\/div>\n\t\t\t\t\t\t<div class=\"tb-carousel-nav\">\n\t\t\t<div class=\"dots\">\n\t\t\t\t<div class=\"dot active\"><\/div>\n\t\t\t\t<div class=\"dot\"><\/div>\n\t\t\t\t<div class=\"dot\"><\/div>\n\t\t\t<\/div>\n\t\t\t<div class=\"arrows\">\n\t\t\t\t<div class=\"prev disabled\">\n\t\t\t\t\t<span><i class=\"fa fa-chevron-left\"><\/i><\/span>\n\t\t\t\t<\/div>\n\t\t\t\t<div class=\"next\">\n\t\t\t\t\t<span><i class=\"fa fa-chevron-right\"><\/i><\/span>\n\t\t\t\t<\/div>\n\t\t\t<\/div>\n\t\t<\/div>\n\t\t\t\t<\/div>\n\t\t<\/div>\n\t\t\t<\/div>\n\n\n\n\n<div class=\"tb-colcompare tb-block align-center background-light pattern-none variant-cards tb-collapsible-margins\" id=\"colcompare\">\n\t<div class=\"inner-block tb-fade-in tb-fade-in--subtle\">\n\t\t<div class=\"text-part\">\n\t\t\t<h2>Warum am The Dolomiti Trail teilnehmen?<\/h2>\n\t\t\t\t\t<div class=\"translation-block\"><\/div>\n\t\t\t<\/div>\n\t<\/div>\n\t\t\t\t\t<div class=\"inner-block-full-width has-tb-carousel tb-justified\" >\n\t\t\t<div class=\"tb-carousel-container\">\n\t\t\t\t<div class=\"entries tb-cards\" data-slider-first=\"1\">\n\t\t\t\t\t\t\t\t\t<div class=\"tb-card entry tb-fade-in tb-fade-in--subtle\">\n\t\t\t\t<div class=\"tb-image-part\">\n\t\t\t\t\t<img src='https:\/\/dt.travelblox.eu\/wp-content\/uploads\/sites\/72\/2026\/05\/Untitled-design-12-768x1152.jpg' width='768' height='1152' loading='lazy' image_size='medium_large'>\t\t\t\t<\/div>\n\t\t\t\t<div class=\"tb-card-content text-part\">\n\t\t\t\t\t<h5> Abenteuerlich<\/h5>\n\t\t\t\t\t\t\t<div class=\"translation-block\"><p>Die Route, die wir ausgearbeitet haben, f\u00fchrt dich zu den sch\u00f6nsten Orten der Dolomiten. In 5 Tagen entdeckst du beeindruckende Berglandschaften, gr\u00fcne T\u00e4ler und spektakul\u00e4re Ausblicke, die diese Region so besonders machen.<\/p><\/div>\n\t\t\t\t\t\t<div class=\"tb-buttons-part\">\n\t\t\t\t\t\t\t\t\t\t\t<\/div>\n\t\t\t\t<\/div>\n\t\t\t<\/div>\n\t\t\t\t\t<div class=\"tb-card entry tb-fade-in tb-fade-in--subtle\">\n\t\t\t\t<div class=\"tb-image-part\">\n\t\t\t\t\t<img src='https:\/\/dt.travelblox.eu\/wp-content\/uploads\/sites\/72\/2026\/05\/Untitled-design-13-768x512.jpg' width='768' height='512' loading='lazy' image_size='medium_large'>\t\t\t\t<\/div>\n\t\t\t\t<div class=\"tb-card-content text-part\">\n\t\t\t\t\t<h5> Bezahlbar<\/h5>\n\t\t\t\t\t\t\t<div class=\"translation-block\"><p>Unsere Mission ist es, dir so viel Abenteuer wie m\u00f6glich f\u00fcr dein Budget zu bieten. Das erreichen wir, indem wir die Strecke von A bis Z selbst ausarbeiten und nach Abenteuern abseits der ausgetretenen Pfade suchen.<\/p><\/div>\n\t\t\t\t\t\t<div class=\"tb-buttons-part\">\n\t\t\t\t\t\t\t\t\t\t\t<\/div>\n\t\t\t\t<\/div>\n\t\t\t<\/div>\n\t\t\t\t\t<div class=\"tb-card entry tb-fade-in tb-fade-in--subtle\">\n\t\t\t\t<div class=\"tb-image-part\">\n\t\t\t\t\t<img src='https:\/\/dt.travelblox.eu\/wp-content\/uploads\/sites\/72\/2026\/05\/Untitled-design-14-768x1152.jpg' width='768' height='1152' loading='lazy' image_size='medium_large'>\t\t\t\t<\/div>\n\t\t\t\t<div class=\"tb-card-content text-part\">\n\t\t\t\t\t<h5> Gut organisiert<\/h5>\n\t\t\t\t\t\t\t<div class=\"translation-block\"><p>Wir k\u00fcmmern uns um alle praktischen Angelegenheiten, damit du das Abenteuer in vollen Z\u00fcgen genie\u00dfen kannst. Travelbase-Reisende bewerten uns im Durchschnitt mit 4,8 von 5 Punkten.<\/p><\/div>\n\t\t\t\t\t\t<div class=\"tb-buttons-part\">\n\t\t\t\t\t\t\t\t\t\t\t<\/div>\n\t\t\t\t<\/div>\n\t\t\t<\/div>\n\t\t\t\t\t<div class=\"tb-card entry tb-fade-in tb-fade-in--subtle\">\n\t\t\t\t<div class=\"tb-image-part\">\n\t\t\t\t\t<img src='https:\/\/dt.travelblox.eu\/wp-content\/uploads\/sites\/72\/2026\/05\/Untitled-design-36-768x512.jpg' width='768' height='512' loading='lazy' image_size='medium_large'>\t\t\t\t<\/div>\n\t\t\t\t<div class=\"tb-card-content text-part\">\n\t\t\t\t\t<h5> Verantwortungsvoll<\/h5>\n\t\t\t\t\t\t\t<div class=\"translation-block\"><p>Indem wir lokale Projekte vor Ort unterst\u00fctzen und die CO\u2082-Emissionen unserer Reisen so weit wie m\u00f6glich reduzieren, versuchen wir, mit deinem Abenteuer einen positiven Einfluss zu schaffen.<\/p><\/div>\n\t\t\t\t\t\t<div class=\"tb-buttons-part\">\n\t\t\t\t\t\t\t\t\t\t\t<\/div>\n\t\t\t\t<\/div>\n\t\t\t<\/div>\n\t\t\t\t\t\t\t\t<\/div>\n\t\t\t\t\t\t<div class=\"tb-carousel-nav\">\n\t\t\t<div class=\"dots\">\n\t\t\t\t<div class=\"dot active\"><\/div>\n\t\t\t\t<div class=\"dot\"><\/div>\n\t\t\t\t<div class=\"dot\"><\/div>\n\t\t\t<\/div>\n\t\t\t<div class=\"arrows\">\n\t\t\t\t<div class=\"prev disabled\">\n\t\t\t\t\t<span><i class=\"fa fa-chevron-left\"><\/i><\/span>\n\t\t\t\t<\/div>\n\t\t\t\t<div class=\"next\">\n\t\t\t\t\t<span><i class=\"fa fa-chevron-right\"><\/i><\/span>\n\t\t\t\t<\/div>\n\t\t\t<\/div>\n\t\t<\/div>\n\t\t\t\t<\/div>\n\t\t<\/div>\n\t\t\t<\/div>\n\n\n\n<div class=\"tb-textimage1 tb-block align-center background-light pattern-none variant-none tb-collapsible-margins\" id=\"textimage1\">\n\t<div class=\"inner-block tb-fade-in tb-fade-in--subtle\">\n\n\t\t\n\t\t<div class=\"text-part\">\n\t\t\t<h2>Der Dolomiti Trail, ein Konzept von Travelbase<\/h2>\n\t\t\t\t\t<div class=\"translation-block\"><p>Wir sind kein eigenst\u00e4ndiges Projekt, sondern Teil von Travelbase, einer erfahrenen Reiseorganisation, die jedes Jahr \u00fcber <strong>50.000 Menschen<\/strong> auf Abenteuer rund um die Welt schickt. Mit <strong>\u00fcber 10 Jahren Erfahrung<\/strong> in aktiven und abenteuerlichen Reisen garantiert Travelbase eine starke Organisation, enge Kooperationen mit lokalen Partnern und authentische Erlebnisse.<\/p><\/div>\n\t\t\t<\/div>\n\t<\/div>\n\t<div class=\"inner-block\">\n\t\t\t\t\t\t\t\t\t<div class=\"tb-video-part\">\n\t\t\t\t\t<iframe src=\"https:\/\/iframe.mediadelivery.net\/embed\/295792\/7a5e5c1c-dce1-4bfc-8068-8b33f27934e6?autoplay=true&#038;preload=true&#038;loop=true&#038;responsive=true&#038;muted=true\" allow=\"accelerometer;gyroscope;encrypted-media;picture-in-picture;autoplay;muted;\" allowfullscreen=\"true\" style=\"border: none;\" loading=\"lazy\"><\/iframe>\t\t\t\t<\/div>\n\t\t\t\t\t\t<\/div>\n\t<div class=\"inner-block tb-fade-in tb-fade-in--subtle\">\n\t\t<div class=\"text-part\">\n\t\t\t\t\t<div class=\"translation-block\"><\/div>\n\t\t\t\t<div class=\"tb-buttons-part\">\n\t\t\t\t\t\t<a href=\"http:\/\/travelbase.nl\/\"  target=\"_blank\" class=\"tb-button\">\n\t\t\tTravelbase-Website\t\t<\/a>\n\t\t\t\t\t\t\t\t\t<\/div>\n\t\t<\/div>\n\t<\/div>\n<\/div>\n\n\n\n\n\n\n\n\n<div class=\"tb-textimage2 tb-block align-left background-light pattern-none variant-text_first tb-collapsible-margins\" id=\"textimage2-1\">\n\t<div class=\"inner-block tb-fade-in\">\n\n\t\t\n\t\t<div class=\"tb-columns\">\n\t\t\t<div class=\"tb-column\">\n\t\t\t\t<div class=\"tb-text-part\">\n\t\t\t\t\t<h2>Reisen mit positiver Wirkung<\/h2>\n\t\t\t\t\t\t\t<div class=\"translation-block\"><p>Wir glauben an Reisen mit positiver Wirkung. Durch unsere eigene <strong>Butterfly Foundation<\/strong> unterst\u00fctzen wir Dutzende sozialer und \u00f6kologischer Projekte auf der ganzen Welt.<\/p><p>Gemeinsam mit lokalen Partnern setzen wir uns f\u00fcr Initiativen in den Bereichen <strong>Naturschutz<\/strong>, <strong>nachhaltige Entwicklung<\/strong> und die <strong>Unterst\u00fctzung<\/strong> von <strong>lokalen Gemeinschaften<\/strong> in den Reisezielen ein, an denen unsere Reisen stattfinden. So m\u00f6chten wir nicht nur unvergessliche Reiseerlebnisse schaffen, sondern auch einen <strong>positiven Beitrag<\/strong> zur Natur und den Menschen vor Ort leisten.<\/p><p>Wenn du mit uns reist, <strong>unterst\u00fctzt<\/strong> du Projekte, die wirklich einen Unterschied machen.<\/p><\/div>\n\t\t\t\t\t\t\t\t\t\t\t<div class=\"tb-buttons-part\">\n\t\t\t\t\t\t\t\t<a href=\"https:\/\/butterfly-foundation.org\/nl\/action\/\"  target=\"_blank\" class=\"tb-button\">\n\t\t\tButterfly Foundation\t\t<\/a>\n\t\t\t\t\t\t\t\t\t\t\t\t\t<\/div>\n\t\t\t\t<\/div>\n\t\t\t<\/div>\n\t\t\t<div class=\"tb-column\">\n\t\t\t\t\t\t\t\t\t\t\t\t\t\t\t<div class=\"tb-video-part\">\n\t\t\t\t\t\t\t<iframe src=\"https:\/\/iframe.mediadelivery.net\/embed\/295792\/3fadd5d0-ee19-4456-a5f9-50cb4c16fc4f?autoplay=true&#038;preload=true&#038;loop=true&#038;responsive=true&#038;muted=true\" allow=\"accelerometer;gyroscope;encrypted-media;picture-in-picture;autoplay;muted;\" allowfullscreen=\"true\" style=\"border: none;\" loading=\"lazy\"><\/iframe>\t\t\t\t\t\t<\/div>\n\t\t\t\t\t\t\t\t\t\t\t\t<\/div>\n\t\t<\/div>\n\t<\/div>\n<\/div>","protected":false},"excerpt":{"rendered":"","protected":false},"author":188,"featured_media":1826,"parent":0,"menu_order":0,"comment_status":"closed","ping_status":"closed","template":"","meta":{"_acf_changed":false,"inline_featured_image":false,"footnotes":""},"class_list":["post-1810","page","type-page","status-publish","has-post-thumbnail","hentry"],"acf":{"page_package_ids":"","is_main_package_page":false,"additional_linked_packages":[],"feed_page_to_atlas":true},"_links":{"self":[{"href":"https:\/\/dt.travelblox.eu\/de\/wp-json\/wp\/v2\/pages\/1810","targetHints":{"allow":["GET"]}}],"collection":[{"href":"https:\/\/dt.travelblox.eu\/de\/wp-json\/wp\/v2\/pages"}],"about":[{"href":"https:\/\/dt.travelblox.eu\/de\/wp-json\/wp\/v2\/types\/page"}],"author":[{"embeddable":true,"href":"https:\/\/dt.travelblox.eu\/de\/wp-json\/wp\/v2\/users\/188"}],"replies":[{"embeddable":true,"href":"https:\/\/dt.travelblox.eu\/de\/wp-json\/wp\/v2\/comments?post=1810"}],"version-history":[{"count":19,"href":"https:\/\/dt.travelblox.eu\/de\/wp-json\/wp\/v2\/pages\/1810\/revisions"}],"predecessor-version":[{"id":1850,"href":"https:\/\/dt.travelblox.eu\/de\/wp-json\/wp\/v2\/pages\/1810\/revisions\/1850"}],"wp:featuredmedia":[{"embeddable":true,"href":"https:\/\/dt.travelblox.eu\/de\/wp-json\/wp\/v2\/media\/1826"}],"wp:attachment":[{"href":"https:\/\/dt.travelblox.eu\/de\/wp-json\/wp\/v2\/media?parent=1810"}],"curies":[{"name":"wp","href":"https:\/\/api.w.org\/{rel}","templated":true}]}}