{"id":1810,"date":"2026-05-11T14:02:09","date_gmt":"2026-05-11T14:02:09","guid":{"rendered":"https:\/\/dt.travelblox.eu\/?page_id=1810"},"modified":"2026-05-12T09:38:32","modified_gmt":"2026-05-12T09:38:32","slug":"over-the-dolomiti-trail","status":"publish","type":"page","link":"https:\/\/dt.travelblox.eu\/fr\/over-the-dolomiti-trail\/","title":{"rendered":"\u00c0 propos de nous"},"content":{"rendered":"<div class=\"tb-header tb-block align-center background-dark pattern-none variant-none\" id=\"header\" data-fallback-background=\"https:\/\/dt.travelblox.eu\/wp-content\/uploads\/sites\/72\/2026\/05\/Untitled-design-11.jpg\" style=\"background-image: url('https:\/\/dt.travelblox.eu\/wp-content\/uploads\/sites\/72\/2026\/05\/Untitled-design-11.jpg'); background-position:;\">\n    <div class=\"tb-header-foreground\">\n        <div class=\"inner-block\">\n\n            <div class=\"main-part\">\n                <div class=\"text-part\">\n                                                                                            <h1>\t<span class=\"tb-logo\"  style=\"-webkit-mask-image: url(https:\/\/dt.travelblox.eu\/wp-content\/uploads\/sites\/72\/2026\/05\/roundWhite.png); mask-image: url(https:\/\/dt.travelblox.eu\/wp-content\/uploads\/sites\/72\/2026\/05\/roundWhite.png)\">\n\t\t<img src='https:\/\/dt.travelblox.eu\/wp-content\/uploads\/sites\/72\/2026\/05\/roundWhite.png' width='880' height='887' alt='Dolomiti Trail logo' title='Le Trek dans les Dolomites' loading='lazy'>\n\t<\/span>\n<\/h1>\n                                                                                        <h2 class=\"tb-subtitle\">\t\t<div class=\"translation-block\"><p>L'\u00e9quipe et l'histoire derri\u00e8re le Dolomiti Trail<\/p><\/div>\n\t<\/h2>\n                                                                                                                                            <\/div>\n            <\/div>\n            \n                    <\/div>\n    <\/div>\n\n    \n    \n<\/div>\n\n\n<div class=\"tb-textimage2 tb-block align-left background-light pattern-none variant-text_first tb-collapsible-margins\" id=\"textimage2\">\n\t<div class=\"inner-block tb-fade-in\">\n\n\t\t\n\t\t<div class=\"tb-columns\">\n\t\t\t<div class=\"tb-column\">\n\t\t\t\t<div class=\"tb-text-part\">\n\t\t\t\t\t<h2>Une aventure authentique dans les Dolomites<\/h2>\n\t\t\t\t\t\t\t<div class=\"translation-block\"><p><strong>Le Dolomiti Trail<\/strong> repr\u00e9sente une aventure active au c\u0153ur des Dolomites. Avec <strong>des partenaires locaux<\/strong>, nous avons \u00e9labor\u00e9 un itin\u00e9raire le long de sommets impressionnants, de vall\u00e9es verdoyantes et de cols de montagne panoramiques. Pendant ce trek, vous ne vous contenterez pas de marcher \u00e0 travers une nature spectaculaire, mais vous d\u00e9couvrirez \u00e9galement l'atmosph\u00e8re unique de la r\u00e9gion.<\/p><p>L'aventure a commenc\u00e9 lorsque notre \u00e9quipe s'est dirig\u00e9e vers les Dolomites pour relier les plus belles randonn\u00e9es et les lieux les plus remarquables en <strong>une exp\u00e9rience de trek unique<\/strong>. En chemin, nous avons d\u00e9couvert des paysages montagneux sauvages, des prairies alpines idylliques et des vues \u00e0 couper le souffle. Avec nos partenaires locaux, nous veillons aujourd'hui \u00e0 ce que chaque trek soit parfaitement organis\u00e9, afin que vous puissiez pleinement <strong>profiter<\/strong> de votre aventure dans les Dolomites.<\/p><\/div>\n\t\t\t\t\t\t\t\t\t\t\t<div class=\"tb-buttons-part\">\n\t\t\t\t\t\t\t\t<a href=\"https:\/\/dolomititrail.com\/fr\/\"  target=\"_blank\" class=\"tb-button\">\n\t\t\tD\u00e9couvrez le trek\t\t<\/a>\n\t\t\t\t\t\t\t\t\t\t\t\t\t<\/div>\n\t\t\t\t<\/div>\n\t\t\t<\/div>\n\t\t\t<div class=\"tb-column\">\n\t\t\t\t\t\t\t\t\t\t\t\t\t\t\t<div class=\"tb-image-part\">\n\t\t\t\t\t\t\t<img src='https:\/\/dt.travelblox.eu\/wp-content\/uploads\/sites\/72\/2026\/05\/Untitled-design-31-1-768x512.jpg' width='768' height='512' loading='lazy' image_size='medium_large'>\t\t\t\t\t\t<\/div>\n\t\t\t\t\t\t\t\t\t\t\t\t<\/div>\n\t\t<\/div>\n\t<\/div>\n<\/div>\n\n\n\n\n<div class=\"tb-team tb-block align-center background-dark pattern-none variant-none tb-collapsible-margins\" id=\"team-1\">\n\t<div class=\"inner-block tb-fade-in tb-fade-in--subtle\">\n\t\t<div class=\"text-part\">\n\t\t\t<h2>L'\u00e9quipe derri\u00e8re le trek<\/h2>\n\t\t\t\t\t<div class=\"translation-block\"><p>En collaboration avec nos partenaires locaux dans les Dolomites, nous travaillons toute l'ann\u00e9e \u00e0 l'am\u00e9nagement de ce trek, avec un seul objectif : vous offrir une exp\u00e9rience aussi authentique que possible au c\u0153ur des montagnes. Une aventure riche en paysages naturels impressionnants, en randonn\u00e9es uniques et en moments inoubliables en montagne.<\/p><\/div>\n\t\t\t<\/div>\n\t<\/div>\n\t\t\t\t\t<div class=\"inner-block-full-width has-tb-carousel\" >\n\t\t\t<div class=\"tb-carousel-container\">\n\t\t\t\t<div class=\"entries tb-cards\" data-slider-first=\"1\">\n\t\t\t\t\t\t\t\t\t<div class=\"tb-card entry\" style=\"background-image: url('https:\/\/dt.travelblox.eu\/wp-content\/uploads\/sites\/72\/2026\/05\/Loic-1-1024x1024.jpg')\">\n\t\t\t\t<label for=\"tb-team-read-more-block_s72__p1810__team-1-0\" class=\"tb-team__card-label\">\n\t\t\t\t\t<div class=\"overlay\"><\/div>\n\t\t\t\t\t<div class=\"overlay overlay--extra\"><\/div>\n\t\t\t\t\t<div class=\"content\">\n\t\t\t\t\t\t<div class=\"tb-team__card-titles\">\n\t\t\t\t\t\t\t<h3>Lo\u00efc<\/h3>\n\t\t\t\t\t\t\t\t\t\t\t\t\t\t\t<p>Coordinateur<\/p>\n\t\t\t\t\t\t\t\t\t\t\t\t\t<\/div>\n\t\t\t\t\t\t\t\t\t\t\t\t\t<div class=\"extra-content\">\n\t\t\t\t\t\t\t\t<p>Lo\u00efc est responsable du d\u00e9veloppement et de la coordination du Dolomiti Trail. V\u00e9ritable aventurier, il a explor\u00e9 les paysages montagneux impressionnants des Dolomites pour concevoir ce parcours unique de plusieurs jours.<\/p>\n\t\t\t\t\t\t\t<\/div>\n\t\t\t\t\t\t\t\t\t\t\t<\/div>\n\t\t\t\t\t<input type=\"checkbox\" class=\"tb-team__card-checkbox\" id=\"tb-team-read-more-block_s72__p1810__team-1-0\">\n\t\t\t\t<\/label>\n\t\t\t<\/div>\n\t\t\t\t\t<div class=\"tb-card entry\" style=\"background-image: url('https:\/\/dt.travelblox.eu\/wp-content\/uploads\/sites\/72\/2026\/05\/1cead84e-08d7-492d-8f3a-b9c170f39b87-1-768x1024.jpg')\">\n\t\t\t\t<label for=\"tb-team-read-more-block_s72__p1810__team-1-1\" class=\"tb-team__card-label\">\n\t\t\t\t\t<div class=\"overlay\"><\/div>\n\t\t\t\t\t<div class=\"overlay overlay--extra\"><\/div>\n\t\t\t\t\t<div class=\"content\">\n\t\t\t\t\t\t<div class=\"tb-team__card-titles\">\n\t\t\t\t\t\t\t<h3>Louise<\/h3>\n\t\t\t\t\t\t\t\t\t\t\t\t\t\t\t<p>Experte en voyages<\/p>\n\t\t\t\t\t\t\t\t\t\t\t\t\t<\/div>\n\t\t\t\t\t\t\t\t\t\t\t\t\t<div class=\"extra-content\">\n\t\t\t\t\t\t\t\t<p>Avec ses nombreuses ann\u00e9es d'exp\u00e9rience sur le Dolomiti Trail, Louise conna\u00eet ce parcours mieux que personne. Elle r\u00e9pondra \u00e0 vos questions et sera ravie de partager son expertise sur cette destination unique.<\/p>\n\t\t\t\t\t\t\t<\/div>\n\t\t\t\t\t\t\t\t\t\t\t<\/div>\n\t\t\t\t\t<input type=\"checkbox\" class=\"tb-team__card-checkbox\" id=\"tb-team-read-more-block_s72__p1810__team-1-1\">\n\t\t\t\t<\/label>\n\t\t\t<\/div>\n\t\t\t\t\t<div class=\"tb-card entry\" style=\"background-image: url('https:\/\/dt.travelblox.eu\/wp-content\/uploads\/sites\/72\/2026\/05\/TT_Team_Square-1024x1024.jpg')\">\n\t\t\t\t<label for=\"tb-team-read-more-block_s72__p1810__team-1-2\" class=\"tb-team__card-label\">\n\t\t\t\t\t<div class=\"overlay\"><\/div>\n\t\t\t\t\t<div class=\"overlay overlay--extra\"><\/div>\n\t\t\t\t\t<div class=\"content\">\n\t\t\t\t\t\t<div class=\"tb-team__card-titles\">\n\t\t\t\t\t\t\t<h3>Rangers<\/h3>\n\t\t\t\t\t\t\t\t\t\t\t\t\t<\/div>\n\t\t\t\t\t\t\t\t\t\t\t\t\t<div class=\"extra-content\">\n\t\t\t\t\t\t\t\t<p>Les rangers du Dolomiti Trail sont vos points de contact tout au long de votre aventure. Ensemble, ils encadrent le parcours sur place et sont toujours pr\u00eats \u00e0 vous aider. En chemin, ils se feront un plaisir de partager leurs connaissances sur la nature, la culture et l'histoire des Dolomites.<\/p>\n\t\t\t\t\t\t\t<\/div>\n\t\t\t\t\t\t\t\t\t\t\t<\/div>\n\t\t\t\t\t<input type=\"checkbox\" class=\"tb-team__card-checkbox\" id=\"tb-team-read-more-block_s72__p1810__team-1-2\">\n\t\t\t\t<\/label>\n\t\t\t<\/div>\n\t\t\t\t\t\t\t\t<\/div>\n\t\t\t\t\t\t<div class=\"tb-carousel-nav\">\n\t\t\t<div class=\"dots\">\n\t\t\t\t<div class=\"dot active\"><\/div>\n\t\t\t\t<div class=\"dot\"><\/div>\n\t\t\t\t<div class=\"dot\"><\/div>\n\t\t\t<\/div>\n\t\t\t<div class=\"arrows\">\n\t\t\t\t<div class=\"prev disabled\">\n\t\t\t\t\t<span><i class=\"fa fa-chevron-left\"><\/i><\/span>\n\t\t\t\t<\/div>\n\t\t\t\t<div class=\"next\">\n\t\t\t\t\t<span><i class=\"fa fa-chevron-right\"><\/i><\/span>\n\t\t\t\t<\/div>\n\t\t\t<\/div>\n\t\t<\/div>\n\t\t\t\t<\/div>\n\t\t<\/div>\n\t\t\t<\/div>\n\n\n<div class=\"tb-colcompare tb-block align-center background-light pattern-none variant-cards tb-collapsible-margins\" id=\"colcompare\">\n\t<div class=\"inner-block tb-fade-in tb-fade-in--subtle\">\n\t\t<div class=\"text-part\">\n\t\t\t<h2>Pourquoi participer au Dolomiti Trail ?<\/h2>\n\t\t\t\t\t<div class=\"translation-block\"><\/div>\n\t\t\t<\/div>\n\t<\/div>\n\t\t\t\t\t<div class=\"inner-block-full-width has-tb-carousel tb-justified\" >\n\t\t\t<div class=\"tb-carousel-container\">\n\t\t\t\t<div class=\"entries tb-cards\" data-slider-first=\"1\">\n\t\t\t\t\t\t\t\t\t<div class=\"tb-card entry tb-fade-in tb-fade-in--subtle\">\n\t\t\t\t<div class=\"tb-image-part\">\n\t\t\t\t\t<img src='https:\/\/dt.travelblox.eu\/wp-content\/uploads\/sites\/72\/2026\/05\/Untitled-design-12-768x1152.jpg' width='768' height='1152' loading='lazy' image_size='medium_large'>\t\t\t\t<\/div>\n\t\t\t\t<div class=\"tb-card-content text-part\">\n\t\t\t\t\t<h5> Aventurier<\/h5>\n\t\t\t\t\t\t\t<div class=\"translation-block\"><p>Le parcours que nous avons con\u00e7u vous fera d\u00e9couvrir les plus beaux endroits des Dolomites. En 5 jours, vous d\u00e9couvrirez des paysages montagneux impressionnants, des vall\u00e9es verdoyantes et des vues spectaculaires qui rendent cette r\u00e9gion si sp\u00e9ciale.<\/p><\/div>\n\t\t\t\t\t\t<div class=\"tb-buttons-part\">\n\t\t\t\t\t\t\t\t\t\t\t<\/div>\n\t\t\t\t<\/div>\n\t\t\t<\/div>\n\t\t\t\t\t<div class=\"tb-card entry tb-fade-in tb-fade-in--subtle\">\n\t\t\t\t<div class=\"tb-image-part\">\n\t\t\t\t\t<img src='https:\/\/dt.travelblox.eu\/wp-content\/uploads\/sites\/72\/2026\/05\/Untitled-design-13-768x512.jpg' width='768' height='512' loading='lazy' image_size='medium_large'>\t\t\t\t<\/div>\n\t\t\t\t<div class=\"tb-card-content text-part\">\n\t\t\t\t\t<h5> Abordable<\/h5>\n\t\t\t\t\t\t\t<div class=\"translation-block\"><p>Notre mission est de vous proposer le plus d'aventures possible pour votre budget. Nous y parvenons en \u00e9laborant nous-m\u00eames le parcours de A \u00e0 Z et en recherchant des aventures hors des sentiers battus.<\/p><\/div>\n\t\t\t\t\t\t<div class=\"tb-buttons-part\">\n\t\t\t\t\t\t\t\t\t\t\t<\/div>\n\t\t\t\t<\/div>\n\t\t\t<\/div>\n\t\t\t\t\t<div class=\"tb-card entry tb-fade-in tb-fade-in--subtle\">\n\t\t\t\t<div class=\"tb-image-part\">\n\t\t\t\t\t<img src='https:\/\/dt.travelblox.eu\/wp-content\/uploads\/sites\/72\/2026\/05\/Untitled-design-14-768x1152.jpg' width='768' height='1152' loading='lazy' image_size='medium_large'>\t\t\t\t<\/div>\n\t\t\t\t<div class=\"tb-card-content text-part\">\n\t\t\t\t\t<h5> Bien organis\u00e9<\/h5>\n\t\t\t\t\t\t\t<div class=\"translation-block\"><p>Nous nous occupons de tous les aspects pratiques, afin que vous puissiez pleinement profiter de l'aventure. Les voyageurs de Travelbase nous attribuent en moyenne une note de 4,8 sur 5.<\/p><\/div>\n\t\t\t\t\t\t<div class=\"tb-buttons-part\">\n\t\t\t\t\t\t\t\t\t\t\t<\/div>\n\t\t\t\t<\/div>\n\t\t\t<\/div>\n\t\t\t\t\t<div class=\"tb-card entry tb-fade-in tb-fade-in--subtle\">\n\t\t\t\t<div class=\"tb-image-part\">\n\t\t\t\t\t<img src='https:\/\/dt.travelblox.eu\/wp-content\/uploads\/sites\/72\/2026\/05\/Untitled-design-36-768x512.jpg' width='768' height='512' loading='lazy' image_size='medium_large'>\t\t\t\t<\/div>\n\t\t\t\t<div class=\"tb-card-content text-part\">\n\t\t\t\t\t<h5> Responsable<\/h5>\n\t\t\t\t\t\t\t<div class=\"translation-block\"><p>En soutenant des projets locaux sur place et en essayant de r\u00e9duire autant que possible les \u00e9missions de CO\u2082 de nos voyages, nous cherchons \u00e0 cr\u00e9er un impact positif gr\u00e2ce \u00e0 votre aventure.<\/p><\/div>\n\t\t\t\t\t\t<div class=\"tb-buttons-part\">\n\t\t\t\t\t\t\t\t\t\t\t<\/div>\n\t\t\t\t<\/div>\n\t\t\t<\/div>\n\t\t\t\t\t\t\t\t<\/div>\n\t\t\t\t\t\t<div class=\"tb-carousel-nav\">\n\t\t\t<div class=\"dots\">\n\t\t\t\t<div class=\"dot active\"><\/div>\n\t\t\t\t<div class=\"dot\"><\/div>\n\t\t\t\t<div class=\"dot\"><\/div>\n\t\t\t<\/div>\n\t\t\t<div class=\"arrows\">\n\t\t\t\t<div class=\"prev disabled\">\n\t\t\t\t\t<span><i class=\"fa fa-chevron-left\"><\/i><\/span>\n\t\t\t\t<\/div>\n\t\t\t\t<div class=\"next\">\n\t\t\t\t\t<span><i class=\"fa fa-chevron-right\"><\/i><\/span>\n\t\t\t\t<\/div>\n\t\t\t<\/div>\n\t\t<\/div>\n\t\t\t\t<\/div>\n\t\t<\/div>\n\t\t\t<\/div>\n\n\n\n\n\n<div class=\"tb-textimage1 tb-block align-center background-light pattern-none variant-none tb-collapsible-margins\" id=\"textimage1-1\">\n\t<div class=\"inner-block tb-fade-in tb-fade-in--subtle\">\n\n\t\t\n\t\t<div class=\"text-part\">\n\t\t\t<h2>Le Dolomiti Trail, un concept de Travelbase.<\/h2>\n\t\t\t\t\t<div class=\"translation-block\"><p>Nous ne sommes pas un projet ind\u00e9pendant, mais faisons partie de Travelbase, une agence de voyage exp\u00e9riment\u00e9e qui envoie chaque ann\u00e9e plus de <strong>50 000 personnes<\/strong> \u00e0 l'aventure \u00e0 travers le monde. Avec <strong>plus de 10 ans d'exp\u00e9rience<\/strong> dans les voyages actifs et d'aventure, Travelbase garantit une organisation solide, des collaborations \u00e9troites avec des partenaires locaux et des exp\u00e9riences authentiques.<\/p><\/div>\n\t\t\t<\/div>\n\t<\/div>\n\t<div class=\"inner-block\">\n\t\t\t\t\t\t\t\t\t<div class=\"tb-video-part\">\n\t\t\t\t\t<iframe src=\"https:\/\/iframe.mediadelivery.net\/embed\/295792\/51da9b20-50cb-4a83-a4ac-61a4a47e3a43?autoplay=true&#038;preload=true&#038;loop=true&#038;responsive=true&#038;muted=true\" allow=\"accelerometer;gyroscope;encrypted-media;picture-in-picture;autoplay;muted;\" allowfullscreen=\"true\" style=\"border: none;\" loading=\"lazy\"><\/iframe>\t\t\t\t<\/div>\n\t\t\t\t\t\t<\/div>\n\t<div class=\"inner-block tb-fade-in tb-fade-in--subtle\">\n\t\t<div class=\"text-part\">\n\t\t\t\t\t<div class=\"translation-block\"><\/div>\n\t\t\t\t<div class=\"tb-buttons-part\">\n\t\t\t\t\t\t<a href=\"http:\/\/travelbase.fr\"  target=\"_blank\" class=\"tb-button\">\n\t\t\tSite Travelbase\t\t<\/a>\n\t\t\t\t\t\t\t\t\t<\/div>\n\t\t<\/div>\n\t<\/div>\n<\/div>\n\n\n\n\n<div class=\"tb-reviewroll tb-block align-center background-light pattern-none variant-none tb-collapsible-margins\" id=\"reviewroll-1\">\n\t\t<div class=\"inner-block tb-fade-in tb-fade-in--subtle\">\n\t\t<div class=\"text-part\">\n\t\t\t<h2>Ce que d'autres randonneurs pensent de nous<\/h2>\n\t\t<\/div>\n\n\t\t<div class=\"average-reviews-wrapper\" data-embed-social-id=\"d2cebb84d51824e8a7fc78d1aebe288c8f101b13\" data-reviews-redirect-url=\"\">\n\t\t<\/div>\n\t<\/div>\n\t<div class=\"inner-block-full-width has-tb-carousel\">\n\t\t<!-- <div class=\"inner-block tb-fade-in tb-fade-in--subtle\"> -->\n\n\t\t<div class=\"reviews-wrapper\" data-embed-social-id=\"d2cebb84d51824e8a7fc78d1aebe288c8f101b13\" data-per-page=\"5\" data-type-code=\"travelbase\"\">\n\t\t\t<div class=\"tb-ajax-loader\">\n\t\t<\/div>\n\t<\/div>\n\n\t<!-- <\/div> -->\n<\/div>\n<\/div>\n\n\n<div class=\"tb-textimage2 tb-block align-left background-light pattern-none variant-text_first tb-collapsible-margins\" id=\"textimage2-1\">\n\t<div class=\"inner-block tb-fade-in\">\n\n\t\t\n\t\t<div class=\"tb-columns\">\n\t\t\t<div class=\"tb-column\">\n\t\t\t\t<div class=\"tb-text-part\">\n\t\t\t\t\t<h2>Voyager avec un impact positif<\/h2>\n\t\t\t\t\t\t\t<div class=\"translation-block\"><p>Nous croyons en des voyages ayant un impact positif. Gr\u00e2ce \u00e0 notre propre <strong>Butterfly Foundation<\/strong>, nous soutenons des dizaines de projets sociaux et \u00e9cologiques \u00e0 travers le monde.<\/p><p>En collaboration avec des partenaires locaux, nous nous engageons dans des initiatives li\u00e9es \u00e0 la <strong>protection de la nature<\/strong>, au <strong>d\u00e9veloppement durable<\/strong> et au <strong>soutien<\/strong> des <strong>communaut\u00e9s locales<\/strong> dans les destinations o\u00f9 nos voyages ont lieu. De cette mani\u00e8re, nous souhaitons non seulement cr\u00e9er des exp\u00e9riences de voyage inoubliables, mais \u00e9galement apporter une <strong>contribution positive<\/strong> \u00e0 la nature et aux personnes sur place.<\/p><p>En voyageant avec nous, vous <strong>soutenez<\/strong> des projets qui font vraiment une diff\u00e9rence.<\/p><\/div>\n\t\t\t\t\t\t\t\t\t\t\t<div class=\"tb-buttons-part\">\n\t\t\t\t\t\t\t\t<a href=\"https:\/\/butterfly-foundation.org\/fr\/action\/\"  target=\"_blank\" class=\"tb-button\">\n\t\t\tButterfly Foundation\t\t<\/a>\n\t\t\t\t\t\t\t\t\t\t\t\t\t<\/div>\n\t\t\t\t<\/div>\n\t\t\t<\/div>\n\t\t\t<div class=\"tb-column\">\n\t\t\t\t\t\t\t\t\t\t\t\t\t\t\t<div class=\"tb-video-part\">\n\t\t\t\t\t\t\t<iframe src=\"https:\/\/iframe.mediadelivery.net\/embed\/295792\/3fadd5d0-ee19-4456-a5f9-50cb4c16fc4f?autoplay=true&#038;preload=true&#038;loop=true&#038;responsive=true&#038;muted=true\" allow=\"accelerometer;gyroscope;encrypted-media;picture-in-picture;autoplay;muted;\" allowfullscreen=\"true\" style=\"border: none;\" loading=\"lazy\"><\/iframe>\t\t\t\t\t\t<\/div>\n\t\t\t\t\t\t\t\t\t\t\t\t<\/div>\n\t\t<\/div>\n\t<\/div>\n<\/div>","protected":false},"excerpt":{"rendered":"","protected":false},"author":188,"featured_media":1826,"parent":0,"menu_order":0,"comment_status":"closed","ping_status":"closed","template":"","meta":{"_acf_changed":false,"inline_featured_image":false,"footnotes":""},"class_list":["post-1810","page","type-page","status-publish","has-post-thumbnail","hentry"],"acf":{"page_package_ids":"","is_main_package_page":false,"additional_linked_packages":[],"feed_page_to_atlas":true},"_links":{"self":[{"href":"https:\/\/dt.travelblox.eu\/fr\/wp-json\/wp\/v2\/pages\/1810","targetHints":{"allow":["GET"]}}],"collection":[{"href":"https:\/\/dt.travelblox.eu\/fr\/wp-json\/wp\/v2\/pages"}],"about":[{"href":"https:\/\/dt.travelblox.eu\/fr\/wp-json\/wp\/v2\/types\/page"}],"author":[{"embeddable":true,"href":"https:\/\/dt.travelblox.eu\/fr\/wp-json\/wp\/v2\/users\/188"}],"replies":[{"embeddable":true,"href":"https:\/\/dt.travelblox.eu\/fr\/wp-json\/wp\/v2\/comments?post=1810"}],"version-history":[{"count":19,"href":"https:\/\/dt.travelblox.eu\/fr\/wp-json\/wp\/v2\/pages\/1810\/revisions"}],"predecessor-version":[{"id":1850,"href":"https:\/\/dt.travelblox.eu\/fr\/wp-json\/wp\/v2\/pages\/1810\/revisions\/1850"}],"wp:featuredmedia":[{"embeddable":true,"href":"https:\/\/dt.travelblox.eu\/fr\/wp-json\/wp\/v2\/media\/1826"}],"wp:attachment":[{"href":"https:\/\/dt.travelblox.eu\/fr\/wp-json\/wp\/v2\/media?parent=1810"}],"curies":[{"name":"wp","href":"https:\/\/api.w.org\/{rel}","templated":true}]}}